{"id":2754,"date":"2025-06-09T18:30:26","date_gmt":"2025-06-09T16:30:26","guid":{"rendered":"https:\/\/www.onickz.com\/photo\/graphy\/?page_id=2754"},"modified":"2025-11-23T17:48:22","modified_gmt":"2025-11-23T16:48:22","slug":"inside-out","status":"publish","type":"page","link":"https:\/\/www.onickz.com\/photo\/graphy\/people\/inside-out","title":{"rendered":"Inside Out"},"content":{"rendered":"<h2 class=\"gtfy-1 gtfy-2\" data-start=\"99\" data-end=\"152\"><strong data-start=\"102\" data-end=\"152\">Portraits d&#8217;\u00e9cole \u2013 Un Projet Inside Out<\/strong><\/h2>\n<p data-start=\"154\" data-end=\"266\"><strong data-start=\"154\" data-end=\"209\">Photographies de Guillaume Louyot \u2014 Onickz Artworks<\/strong><br data-start=\"209\" data-end=\"212\" \/>Projet r\u00e9alis\u00e9 \u00e0 l\u2019\u00c9cole Maternelle Richomme, Paris 9e<\/p>\n<p data-start=\"268\" data-end=\"616\">Au c\u0153ur du 9e arrondissement de Paris, entre Pigalle et Anvers, j\u2019ai eu le privil\u00e8ge de photographier les visages lumineux des enfants de l\u2019\u00e9cole maternelle Richomme. Ce projet s\u2019inscrit dans l\u2019initiative mondiale <strong data-start=\"482\" data-end=\"496\">Inside Out<\/strong>, lanc\u00e9e par l\u2019artiste JR, qui transforme les portraits individuels en \u0153uvres collectives expos\u00e9es dans l\u2019espace public.<\/p>\n<p data-start=\"268\" data-end=\"616\"><a href=\"https:\/\/www.onickz.com\/photo\/graphy\/wp-content\/uploads\/2025\/06\/GUILLAUME-LOUYOT-.jpg\" data-rel=\"lightbox-gallery-IcSr8Nhd\" data-rl_title=\"\" data-rl_caption=\"\" title=\"\"><img fetchpriority=\"high\" decoding=\"async\" class=\"alignnone size-full wp-image-2755\" src=\"https:\/\/www.onickz.com\/photo\/graphy\/wp-content\/uploads\/2025\/06\/GUILLAUME-LOUYOT-.jpg\" alt=\"\" width=\"992\" height=\"676\" srcset=\"https:\/\/www.onickz.com\/photo\/graphy\/wp-content\/uploads\/2025\/06\/GUILLAUME-LOUYOT-.jpg 992w, https:\/\/www.onickz.com\/photo\/graphy\/wp-content\/uploads\/2025\/06\/GUILLAUME-LOUYOT--400x273.jpg 400w, https:\/\/www.onickz.com\/photo\/graphy\/wp-content\/uploads\/2025\/06\/GUILLAUME-LOUYOT--800x545.jpg 800w, https:\/\/www.onickz.com\/photo\/graphy\/wp-content\/uploads\/2025\/06\/GUILLAUME-LOUYOT--150x102.jpg 150w, https:\/\/www.onickz.com\/photo\/graphy\/wp-content\/uploads\/2025\/06\/GUILLAUME-LOUYOT--768x523.jpg 768w\" sizes=\"(max-width: 992px) 100vw, 992px\" \/><\/a><\/p>\n<p data-start=\"618\" data-end=\"834\">Imprim\u00e9s en grand format et coll\u00e9s sur les murs ext\u00e9rieurs de l\u2019\u00e9cole, ces portraits transforment la rue en galerie \u00e0 ciel ouvert. Chaque regard devient une affirmation silencieuse : <strong data-start=\"801\" data-end=\"834\">\u00ab Je suis l\u00e0, et je compte. \u00bb<\/strong><\/p>\n<p data-start=\"836\" data-end=\"1010\">Photographier ces enfants, c\u2019est offrir un instant de visibilit\u00e9, de fiert\u00e9, de repr\u00e9sentation. Derri\u00e8re chaque image, il y a un moment d\u2019\u00e9change, de confiance, de lumi\u00e8re.<\/p>\n<p data-start=\"1012\" data-end=\"1260\">En tant que photographe et habitant du quartier, je suis particuli\u00e8rement \u00e9mu de voir ces visages expos\u00e9s l\u00e0 o\u00f9 ils vivent, l\u00e0 o\u00f9 ils grandissent. C\u2019est une fa\u00e7on d\u2019ancrer l\u2019art dans le quotidien, de rappeler que chaque enfant est une \u0153uvre en soi.<\/p>\n<p data-start=\"1262\" data-end=\"1402\">Un grand merci \u00e0 l\u2019\u00e9quipe p\u00e9dagogique de l\u2019\u00e9cole Rodier pour leur confiance, et aux enfants pour leur spontan\u00e9it\u00e9 et leur \u00e9nergie joyeuse.<\/p>\n<p data-start=\"1404\" data-end=\"1644\">\u2014<br data-start=\"1405\" data-end=\"1408\" \/>&#x1f4cd; Projet visible sur <a class=\"\" href=\"https:\/\/www.insideoutproject.net\/fr\/explore\/group-action\/projet-street-art-en-maternelle\" target=\"_blank\" rel=\"noopener\" data-start=\"1430\" data-end=\"1542\">insideoutproject.net<\/a><br data-start=\"1542\" data-end=\"1545\" \/>&#x1f4f8; Photographies, tirages et installation : Guillaume Louyot \/ <a class=\"\" href=\"https:\/\/www.onickz.com\" target=\"_new\" rel=\"noopener\" data-start=\"1608\" data-end=\"1644\">onickz.com<\/a><\/p>\n<p><a href=\"https:\/\/www.onickz.com\/photo\/graphy\/wp-content\/uploads\/2025\/06\/INSIDE-OUT-PORTRAITS-PAR-GUILLAUME-LOUYOT-ONICKZ-ARTWORKS-2024-scaled.jpg\" target=\"_blank\" rel=\"attachment noopener wp-att-2756\" data-rel=\"lightbox-gallery-IcSr8Nhd\" data-rl_title=\"\" data-rl_caption=\"\" title=\"\"><img decoding=\"async\" class=\"alignnone wp-image-2756 size-full\" src=\"https:\/\/www.onickz.com\/photo\/graphy\/wp-content\/uploads\/2025\/06\/INSIDE-OUT-PORTRAITS-PAR-GUILLAUME-LOUYOT-ONICKZ-ARTWORKS-2024-scaled.jpg\" alt=\"\" width=\"791\" height=\"2560\" srcset=\"https:\/\/www.onickz.com\/photo\/graphy\/wp-content\/uploads\/2025\/06\/INSIDE-OUT-PORTRAITS-PAR-GUILLAUME-LOUYOT-ONICKZ-ARTWORKS-2024-scaled.jpg 791w, https:\/\/www.onickz.com\/photo\/graphy\/wp-content\/uploads\/2025\/06\/INSIDE-OUT-PORTRAITS-PAR-GUILLAUME-LOUYOT-ONICKZ-ARTWORKS-2024-185x600.jpg 185w, https:\/\/www.onickz.com\/photo\/graphy\/wp-content\/uploads\/2025\/06\/INSIDE-OUT-PORTRAITS-PAR-GUILLAUME-LOUYOT-ONICKZ-ARTWORKS-2024-46x150.jpg 46w, https:\/\/www.onickz.com\/photo\/graphy\/wp-content\/uploads\/2025\/06\/INSIDE-OUT-PORTRAITS-PAR-GUILLAUME-LOUYOT-ONICKZ-ARTWORKS-2024-768x2486.jpg 768w, https:\/\/www.onickz.com\/photo\/graphy\/wp-content\/uploads\/2025\/06\/INSIDE-OUT-PORTRAITS-PAR-GUILLAUME-LOUYOT-ONICKZ-ARTWORKS-2024-475x1536.jpg 475w, https:\/\/www.onickz.com\/photo\/graphy\/wp-content\/uploads\/2025\/06\/INSIDE-OUT-PORTRAITS-PAR-GUILLAUME-LOUYOT-ONICKZ-ARTWORKS-2024-633x2048.jpg 633w\" sizes=\"(max-width: 791px) 100vw, 791px\" \/><\/a><\/p>\n<p>&nbsp;<\/p>\n","protected":false},"excerpt":{"rendered":"<p>Portraits d&#8217;\u00e9cole \u2013 Un Projet Inside Out Photographies de Guillaume Louyot \u2014 Onickz ArtworksProjet r\u00e9alis\u00e9 \u00e0 l\u2019\u00c9cole Maternelle Richomme, Paris 9e Au c\u0153ur du 9e arrondissement de Paris, entre Pigalle<\/p>\n<p class=\"more-link\"><a href=\"https:\/\/www.onickz.com\/photo\/graphy\/people\/inside-out\" class=\"readmore\">Click me !<svg class=\"icon icon-arrow-right\" aria-hidden=\"true\" role=\"img\"> <use href=\"#icon-arrow-right\" xlink:href=\"#icon-arrow-right\"><\/use> <\/svg><span class=\"screen-reader-text\">Inside Out<\/span><\/a><\/p>\n","protected":false},"author":1,"featured_media":2765,"parent":2509,"menu_order":0,"comment_status":"closed","ping_status":"closed","template":"","meta":{"footnotes":""},"class_list":["post-2754","page","type-page","status-publish","has-post-thumbnail","hentry"],"yoast_head":"<!-- This site is optimized with the Yoast SEO plugin v27.4 - https:\/\/yoast.com\/product\/yoast-seo-wordpress\/ -->\n<title>Inside Out - Onickz \u2014 Photographic Work<\/title>\n<meta name=\"description\" content=\"Portraits d\u2019enfants de l\u2019\u00e9cole Rodier\u00e0 Paris 9e, photographi\u00e9s par Guillaume Louyot dans le cadre du projet Inside Out de JR. Art participatif en plein c\u0153ur de Pigalle.\" \/>\n<meta name=\"robots\" content=\"index, follow, max-snippet:-1, max-image-preview:large, max-video-preview:-1\" \/>\n<link rel=\"canonical\" href=\"https:\/\/www.onickz.com\/photo\/graphy\/people\/inside-out\" \/>\n<meta property=\"og:locale\" content=\"en_US\" \/>\n<meta property=\"og:type\" content=\"article\" \/>\n<meta property=\"og:title\" content=\"Inside Out - Onickz \u2014 Photographic Work\" \/>\n<meta property=\"og:description\" content=\"Portraits d\u2019enfants de l\u2019\u00e9cole Rodier\u00e0 Paris 9e, photographi\u00e9s par Guillaume Louyot dans le cadre du projet Inside Out de JR. Art participatif en plein c\u0153ur de Pigalle.\" \/>\n<meta property=\"og:url\" content=\"https:\/\/www.onickz.com\/photo\/graphy\/people\/inside-out\" \/>\n<meta property=\"og:site_name\" content=\"Onickz \u2014 Photographic Work\" \/>\n<meta property=\"article:publisher\" content=\"https:\/\/www.facebook.com\/cinema.production\" \/>\n<meta property=\"article:modified_time\" content=\"2025-11-23T16:48:22+00:00\" \/>\n<meta property=\"og:image\" content=\"https:\/\/www.onickz.com\/photo\/graphy\/wp-content\/uploads\/2025\/06\/GUILLAUME-LOUYOT-INSIDE-OUT-copy_-scaled.jpeg\" \/>\n\t<meta property=\"og:image:width\" content=\"2560\" \/>\n\t<meta property=\"og:image:height\" content=\"1743\" \/>\n\t<meta property=\"og:image:type\" content=\"image\/jpeg\" \/>\n<meta name=\"twitter:card\" content=\"summary_large_image\" \/>\n<meta name=\"twitter:site\" content=\"@onickz\" \/>\n<meta name=\"twitter:label1\" content=\"Est. reading time\" \/>\n\t<meta name=\"twitter:data1\" content=\"2 minutes\" \/>\n<script type=\"application\/ld+json\" class=\"yoast-schema-graph\">{\"@context\":\"https:\\\/\\\/schema.org\",\"@graph\":[{\"@type\":\"WebPage\",\"@id\":\"https:\\\/\\\/www.onickz.com\\\/photo\\\/graphy\\\/people\\\/inside-out\",\"url\":\"https:\\\/\\\/www.onickz.com\\\/photo\\\/graphy\\\/people\\\/inside-out\",\"name\":\"Inside Out - Onickz \u2014 Photographic Work\",\"isPartOf\":{\"@id\":\"https:\\\/\\\/www.onickz.com\\\/photo\\\/graphy\\\/#website\"},\"primaryImageOfPage\":{\"@id\":\"https:\\\/\\\/www.onickz.com\\\/photo\\\/graphy\\\/people\\\/inside-out#primaryimage\"},\"image\":{\"@id\":\"https:\\\/\\\/www.onickz.com\\\/photo\\\/graphy\\\/people\\\/inside-out#primaryimage\"},\"thumbnailUrl\":\"https:\\\/\\\/www.onickz.com\\\/photo\\\/graphy\\\/wp-content\\\/uploads\\\/2025\\\/06\\\/GUILLAUME-LOUYOT-INSIDE-OUT-copy_-scaled.jpeg\",\"datePublished\":\"2025-06-09T16:30:26+00:00\",\"dateModified\":\"2025-11-23T16:48:22+00:00\",\"description\":\"Portraits d\u2019enfants de l\u2019\u00e9cole Rodier\u00e0 Paris 9e, photographi\u00e9s par Guillaume Louyot dans le cadre du projet Inside Out de JR. Art participatif en plein c\u0153ur de Pigalle.\",\"breadcrumb\":{\"@id\":\"https:\\\/\\\/www.onickz.com\\\/photo\\\/graphy\\\/people\\\/inside-out#breadcrumb\"},\"inLanguage\":\"en-US\",\"potentialAction\":[{\"@type\":\"ReadAction\",\"target\":[\"https:\\\/\\\/www.onickz.com\\\/photo\\\/graphy\\\/people\\\/inside-out\"]}]},{\"@type\":\"ImageObject\",\"inLanguage\":\"en-US\",\"@id\":\"https:\\\/\\\/www.onickz.com\\\/photo\\\/graphy\\\/people\\\/inside-out#primaryimage\",\"url\":\"https:\\\/\\\/www.onickz.com\\\/photo\\\/graphy\\\/wp-content\\\/uploads\\\/2025\\\/06\\\/GUILLAUME-LOUYOT-INSIDE-OUT-copy_-scaled.jpeg\",\"contentUrl\":\"https:\\\/\\\/www.onickz.com\\\/photo\\\/graphy\\\/wp-content\\\/uploads\\\/2025\\\/06\\\/GUILLAUME-LOUYOT-INSIDE-OUT-copy_-scaled.jpeg\",\"width\":2560,\"height\":1743},{\"@type\":\"BreadcrumbList\",\"@id\":\"https:\\\/\\\/www.onickz.com\\\/photo\\\/graphy\\\/people\\\/inside-out#breadcrumb\",\"itemListElement\":[{\"@type\":\"ListItem\",\"position\":1,\"name\":\"Home\",\"item\":\"https:\\\/\\\/www.onickz.com\\\/photo\\\/graphy\"},{\"@type\":\"ListItem\",\"position\":2,\"name\":\"People\",\"item\":\"https:\\\/\\\/www.onickz.com\\\/photo\\\/graphy\\\/people\"},{\"@type\":\"ListItem\",\"position\":3,\"name\":\"Inside Out\"}]},{\"@type\":\"WebSite\",\"@id\":\"https:\\\/\\\/www.onickz.com\\\/photo\\\/graphy\\\/#website\",\"url\":\"https:\\\/\\\/www.onickz.com\\\/photo\\\/graphy\\\/\",\"name\":\"Guillaume Louyot \u2013 Photographe & R\u00e9alisateur \u00e0 Paris | Onickz Artworks\",\"description\":\"Still images with a cinematic pulse\",\"publisher\":{\"@id\":\"https:\\\/\\\/www.onickz.com\\\/photo\\\/graphy\\\/#organization\"},\"potentialAction\":[{\"@type\":\"SearchAction\",\"target\":{\"@type\":\"EntryPoint\",\"urlTemplate\":\"https:\\\/\\\/www.onickz.com\\\/photo\\\/graphy\\\/?s={search_term_string}\"},\"query-input\":{\"@type\":\"PropertyValueSpecification\",\"valueRequired\":true,\"valueName\":\"search_term_string\"}}],\"inLanguage\":\"en-US\"},{\"@type\":\"Organization\",\"@id\":\"https:\\\/\\\/www.onickz.com\\\/photo\\\/graphy\\\/#organization\",\"name\":\"Onickz Artworks\",\"url\":\"https:\\\/\\\/www.onickz.com\\\/photo\\\/graphy\\\/\",\"logo\":{\"@type\":\"ImageObject\",\"inLanguage\":\"en-US\",\"@id\":\"https:\\\/\\\/www.onickz.com\\\/photo\\\/graphy\\\/#\\\/schema\\\/logo\\\/image\\\/\",\"url\":\"https:\\\/\\\/www.onickz.com\\\/photo\\\/graphy\\\/wp-content\\\/uploads\\\/2016\\\/05\\\/Jour-Nuit-num_20303-photo-by-Guillaume-Louyot-Onickz-Artworks.jpg\",\"contentUrl\":\"https:\\\/\\\/www.onickz.com\\\/photo\\\/graphy\\\/wp-content\\\/uploads\\\/2016\\\/05\\\/Jour-Nuit-num_20303-photo-by-Guillaume-Louyot-Onickz-Artworks.jpg\",\"width\":3656,\"height\":1556,\"caption\":\"Onickz Artworks\"},\"image\":{\"@id\":\"https:\\\/\\\/www.onickz.com\\\/photo\\\/graphy\\\/#\\\/schema\\\/logo\\\/image\\\/\"},\"sameAs\":[\"https:\\\/\\\/www.facebook.com\\\/cinema.production\",\"https:\\\/\\\/x.com\\\/onickz\",\"https:\\\/\\\/www.linkedin.com\\\/in\\\/onickz\\\/\"]}]}<\/script>\n<!-- \/ Yoast SEO plugin. -->","yoast_head_json":{"title":"Inside Out - Onickz \u2014 Photographic Work","description":"Portraits d\u2019enfants de l\u2019\u00e9cole Rodier\u00e0 Paris 9e, photographi\u00e9s par Guillaume Louyot dans le cadre du projet Inside Out de JR. Art participatif en plein c\u0153ur de Pigalle.","robots":{"index":"index","follow":"follow","max-snippet":"max-snippet:-1","max-image-preview":"max-image-preview:large","max-video-preview":"max-video-preview:-1"},"canonical":"https:\/\/www.onickz.com\/photo\/graphy\/people\/inside-out","og_locale":"en_US","og_type":"article","og_title":"Inside Out - Onickz \u2014 Photographic Work","og_description":"Portraits d\u2019enfants de l\u2019\u00e9cole Rodier\u00e0 Paris 9e, photographi\u00e9s par Guillaume Louyot dans le cadre du projet Inside Out de JR. Art participatif en plein c\u0153ur de Pigalle.","og_url":"https:\/\/www.onickz.com\/photo\/graphy\/people\/inside-out","og_site_name":"Onickz \u2014 Photographic Work","article_publisher":"https:\/\/www.facebook.com\/cinema.production","article_modified_time":"2025-11-23T16:48:22+00:00","og_image":[{"width":2560,"height":1743,"url":"https:\/\/www.onickz.com\/photo\/graphy\/wp-content\/uploads\/2025\/06\/GUILLAUME-LOUYOT-INSIDE-OUT-copy_-scaled.jpeg","type":"image\/jpeg"}],"twitter_card":"summary_large_image","twitter_site":"@onickz","twitter_misc":{"Est. reading time":"2 minutes"},"schema":{"@context":"https:\/\/schema.org","@graph":[{"@type":"WebPage","@id":"https:\/\/www.onickz.com\/photo\/graphy\/people\/inside-out","url":"https:\/\/www.onickz.com\/photo\/graphy\/people\/inside-out","name":"Inside Out - Onickz \u2014 Photographic Work","isPartOf":{"@id":"https:\/\/www.onickz.com\/photo\/graphy\/#website"},"primaryImageOfPage":{"@id":"https:\/\/www.onickz.com\/photo\/graphy\/people\/inside-out#primaryimage"},"image":{"@id":"https:\/\/www.onickz.com\/photo\/graphy\/people\/inside-out#primaryimage"},"thumbnailUrl":"https:\/\/www.onickz.com\/photo\/graphy\/wp-content\/uploads\/2025\/06\/GUILLAUME-LOUYOT-INSIDE-OUT-copy_-scaled.jpeg","datePublished":"2025-06-09T16:30:26+00:00","dateModified":"2025-11-23T16:48:22+00:00","description":"Portraits d\u2019enfants de l\u2019\u00e9cole Rodier\u00e0 Paris 9e, photographi\u00e9s par Guillaume Louyot dans le cadre du projet Inside Out de JR. Art participatif en plein c\u0153ur de Pigalle.","breadcrumb":{"@id":"https:\/\/www.onickz.com\/photo\/graphy\/people\/inside-out#breadcrumb"},"inLanguage":"en-US","potentialAction":[{"@type":"ReadAction","target":["https:\/\/www.onickz.com\/photo\/graphy\/people\/inside-out"]}]},{"@type":"ImageObject","inLanguage":"en-US","@id":"https:\/\/www.onickz.com\/photo\/graphy\/people\/inside-out#primaryimage","url":"https:\/\/www.onickz.com\/photo\/graphy\/wp-content\/uploads\/2025\/06\/GUILLAUME-LOUYOT-INSIDE-OUT-copy_-scaled.jpeg","contentUrl":"https:\/\/www.onickz.com\/photo\/graphy\/wp-content\/uploads\/2025\/06\/GUILLAUME-LOUYOT-INSIDE-OUT-copy_-scaled.jpeg","width":2560,"height":1743},{"@type":"BreadcrumbList","@id":"https:\/\/www.onickz.com\/photo\/graphy\/people\/inside-out#breadcrumb","itemListElement":[{"@type":"ListItem","position":1,"name":"Home","item":"https:\/\/www.onickz.com\/photo\/graphy"},{"@type":"ListItem","position":2,"name":"People","item":"https:\/\/www.onickz.com\/photo\/graphy\/people"},{"@type":"ListItem","position":3,"name":"Inside Out"}]},{"@type":"WebSite","@id":"https:\/\/www.onickz.com\/photo\/graphy\/#website","url":"https:\/\/www.onickz.com\/photo\/graphy\/","name":"Guillaume Louyot \u2013 Photographe & R\u00e9alisateur \u00e0 Paris | Onickz Artworks","description":"Still images with a cinematic pulse","publisher":{"@id":"https:\/\/www.onickz.com\/photo\/graphy\/#organization"},"potentialAction":[{"@type":"SearchAction","target":{"@type":"EntryPoint","urlTemplate":"https:\/\/www.onickz.com\/photo\/graphy\/?s={search_term_string}"},"query-input":{"@type":"PropertyValueSpecification","valueRequired":true,"valueName":"search_term_string"}}],"inLanguage":"en-US"},{"@type":"Organization","@id":"https:\/\/www.onickz.com\/photo\/graphy\/#organization","name":"Onickz Artworks","url":"https:\/\/www.onickz.com\/photo\/graphy\/","logo":{"@type":"ImageObject","inLanguage":"en-US","@id":"https:\/\/www.onickz.com\/photo\/graphy\/#\/schema\/logo\/image\/","url":"https:\/\/www.onickz.com\/photo\/graphy\/wp-content\/uploads\/2016\/05\/Jour-Nuit-num_20303-photo-by-Guillaume-Louyot-Onickz-Artworks.jpg","contentUrl":"https:\/\/www.onickz.com\/photo\/graphy\/wp-content\/uploads\/2016\/05\/Jour-Nuit-num_20303-photo-by-Guillaume-Louyot-Onickz-Artworks.jpg","width":3656,"height":1556,"caption":"Onickz Artworks"},"image":{"@id":"https:\/\/www.onickz.com\/photo\/graphy\/#\/schema\/logo\/image\/"},"sameAs":["https:\/\/www.facebook.com\/cinema.production","https:\/\/x.com\/onickz","https:\/\/www.linkedin.com\/in\/onickz\/"]}]}},"_links":{"self":[{"href":"https:\/\/www.onickz.com\/photo\/graphy\/wp-json\/wp\/v2\/pages\/2754","targetHints":{"allow":["GET"]}}],"collection":[{"href":"https:\/\/www.onickz.com\/photo\/graphy\/wp-json\/wp\/v2\/pages"}],"about":[{"href":"https:\/\/www.onickz.com\/photo\/graphy\/wp-json\/wp\/v2\/types\/page"}],"author":[{"embeddable":true,"href":"https:\/\/www.onickz.com\/photo\/graphy\/wp-json\/wp\/v2\/users\/1"}],"replies":[{"embeddable":true,"href":"https:\/\/www.onickz.com\/photo\/graphy\/wp-json\/wp\/v2\/comments?post=2754"}],"version-history":[{"count":5,"href":"https:\/\/www.onickz.com\/photo\/graphy\/wp-json\/wp\/v2\/pages\/2754\/revisions"}],"predecessor-version":[{"id":2985,"href":"https:\/\/www.onickz.com\/photo\/graphy\/wp-json\/wp\/v2\/pages\/2754\/revisions\/2985"}],"up":[{"embeddable":true,"href":"https:\/\/www.onickz.com\/photo\/graphy\/wp-json\/wp\/v2\/pages\/2509"}],"wp:featuredmedia":[{"embeddable":true,"href":"https:\/\/www.onickz.com\/photo\/graphy\/wp-json\/wp\/v2\/media\/2765"}],"wp:attachment":[{"href":"https:\/\/www.onickz.com\/photo\/graphy\/wp-json\/wp\/v2\/media?parent=2754"}],"curies":[{"name":"wp","href":"https:\/\/api.w.org\/{rel}","templated":true}]}}