{"id":2923,"date":"2025-07-02T08:03:24","date_gmt":"2025-07-02T06:03:24","guid":{"rendered":"https:\/\/www.onickz.com\/photo\/graphy\/?page_id=2923"},"modified":"2025-10-15T10:26:50","modified_gmt":"2025-10-15T08:26:50","slug":"tirages-dart-disponibles-a-la-vente","status":"publish","type":"page","link":"https:\/\/www.onickz.com\/photo\/graphy\/tirages-dart-disponibles-a-la-vente","title":{"rendered":"Photographies encadr\u00e9es"},"content":{"rendered":"<h3 class=\"gtfy-1 gtfy-2\" data-start=\"126\" data-end=\"166\">Photographies encadr\u00e9es<\/h3>\n<p data-start=\"168\" data-end=\"350\">Offrez \u00e0 vos murs une \u00e9chapp\u00e9e belle !<br data-start=\"205\" data-end=\"208\" \/>Je vous propose ici une s\u00e9lection de mes photographies, disponibles en tirages encadr\u00e9s, livrables partout dans le monde via ma boutique Etsy.<\/p>\n<p data-start=\"352\" data-end=\"630\">Chaque image est imprim\u00e9e avec soin sur papier haut de gamme, dans diff\u00e9rents formats, et encadr\u00e9e selon vos pr\u00e9f\u00e9rences. C\u2019est l\u2019occasion de faire entrer dans votre int\u00e9rieur un fragment de lumi\u00e8re, de paysage ou d\u2019\u00e9motion captur\u00e9e au fil de mes voyages et projets artistiques.<\/p>\n<p data-start=\"632\" data-end=\"723\">&#x1f449; Cliquez sur une photographie pour d\u00e9couvrir les options de formats, cadres et finitions.<\/p>\n<p data-start=\"632\" data-end=\"723\"><a href=\"https:\/\/www.etsy.com\/fr\/listing\/4327207042\/downtown-los-angeles?click_key=46235220b756b70489c767420e55d36ae57bd741%3A4327207042&amp;click_sum=a5a2621c&amp;ref=shop_home_active_2\" target=\"_blank\" rel=\"noopener\"><img fetchpriority=\"high\" decoding=\"async\" class=\"alignnone size-medium wp-image-2925\" src=\"https:\/\/www.onickz.com\/photo\/graphy\/wp-content\/uploads\/2025\/07\/guillaume-louyot-photo-3-400x400.webp\" alt=\"\" width=\"400\" height=\"400\" srcset=\"https:\/\/www.onickz.com\/photo\/graphy\/wp-content\/uploads\/2025\/07\/guillaume-louyot-photo-3-400x400.webp 400w, https:\/\/www.onickz.com\/photo\/graphy\/wp-content\/uploads\/2025\/07\/guillaume-louyot-photo-3-800x800.webp 800w, https:\/\/www.onickz.com\/photo\/graphy\/wp-content\/uploads\/2025\/07\/guillaume-louyot-photo-3-150x150.webp 150w, https:\/\/www.onickz.com\/photo\/graphy\/wp-content\/uploads\/2025\/07\/guillaume-louyot-photo-3-768x768.webp 768w, https:\/\/www.onickz.com\/photo\/graphy\/wp-content\/uploads\/2025\/07\/guillaume-louyot-photo-3-1536x1536.webp 1536w, https:\/\/www.onickz.com\/photo\/graphy\/wp-content\/uploads\/2025\/07\/guillaume-louyot-photo-3-640x640.webp 640w, https:\/\/www.onickz.com\/photo\/graphy\/wp-content\/uploads\/2025\/07\/guillaume-louyot-photo-3-960x960.webp 960w, https:\/\/www.onickz.com\/photo\/graphy\/wp-content\/uploads\/2025\/07\/guillaume-louyot-photo-3-140x140.webp 140w, https:\/\/www.onickz.com\/photo\/graphy\/wp-content\/uploads\/2025\/07\/guillaume-louyot-photo-3-50x50.webp 50w, https:\/\/www.onickz.com\/photo\/graphy\/wp-content\/uploads\/2025\/07\/guillaume-louyot-photo-3-666x666.webp 666w, https:\/\/www.onickz.com\/photo\/graphy\/wp-content\/uploads\/2025\/07\/guillaume-louyot-photo-3-80x80.webp 80w, https:\/\/www.onickz.com\/photo\/graphy\/wp-content\/uploads\/2025\/07\/guillaume-louyot-photo-3-120x120.webp 120w, https:\/\/www.onickz.com\/photo\/graphy\/wp-content\/uploads\/2025\/07\/guillaume-louyot-photo-3.webp 1588w\" sizes=\"(max-width: 400px) 100vw, 400px\" \/><\/a><\/p>\n<p data-start=\"632\" data-end=\"723\"><a href=\"https:\/\/www.etsy.com\/fr\/listing\/4327207042\/downtown-los-angeles?click_key=46235220b756b70489c767420e55d36ae57bd741%3A4327207042&amp;click_sum=a5a2621c&amp;ref=shop_home_active_2\" target=\"_blank\" rel=\"noopener\"><img decoding=\"async\" class=\"alignnone size-medium wp-image-2928\" src=\"https:\/\/www.onickz.com\/photo\/graphy\/wp-content\/uploads\/2025\/07\/guillaume-louyot-photo-2-400x400.webp\" alt=\"\" width=\"400\" height=\"400\" srcset=\"https:\/\/www.onickz.com\/photo\/graphy\/wp-content\/uploads\/2025\/07\/guillaume-louyot-photo-2-400x400.webp 400w, https:\/\/www.onickz.com\/photo\/graphy\/wp-content\/uploads\/2025\/07\/guillaume-louyot-photo-2-800x800.webp 800w, https:\/\/www.onickz.com\/photo\/graphy\/wp-content\/uploads\/2025\/07\/guillaume-louyot-photo-2-150x150.webp 150w, https:\/\/www.onickz.com\/photo\/graphy\/wp-content\/uploads\/2025\/07\/guillaume-louyot-photo-2-768x768.webp 768w, https:\/\/www.onickz.com\/photo\/graphy\/wp-content\/uploads\/2025\/07\/guillaume-louyot-photo-2-1536x1536.webp 1536w, https:\/\/www.onickz.com\/photo\/graphy\/wp-content\/uploads\/2025\/07\/guillaume-louyot-photo-2-640x640.webp 640w, https:\/\/www.onickz.com\/photo\/graphy\/wp-content\/uploads\/2025\/07\/guillaume-louyot-photo-2-960x960.webp 960w, https:\/\/www.onickz.com\/photo\/graphy\/wp-content\/uploads\/2025\/07\/guillaume-louyot-photo-2-140x140.webp 140w, https:\/\/www.onickz.com\/photo\/graphy\/wp-content\/uploads\/2025\/07\/guillaume-louyot-photo-2-50x50.webp 50w, https:\/\/www.onickz.com\/photo\/graphy\/wp-content\/uploads\/2025\/07\/guillaume-louyot-photo-2-666x666.webp 666w, https:\/\/www.onickz.com\/photo\/graphy\/wp-content\/uploads\/2025\/07\/guillaume-louyot-photo-2-80x80.webp 80w, https:\/\/www.onickz.com\/photo\/graphy\/wp-content\/uploads\/2025\/07\/guillaume-louyot-photo-2-120x120.webp 120w, https:\/\/www.onickz.com\/photo\/graphy\/wp-content\/uploads\/2025\/07\/guillaume-louyot-photo-2.webp 1588w\" sizes=\"(max-width: 400px) 100vw, 400px\" \/><\/a><\/p>\n<p data-start=\"632\" data-end=\"723\"><a href=\"https:\/\/www.onickz.com\/photo\/graphy\/tirages-dart-disponibles-a-la-vente\/rays-of-god-photographie-encadree\" target=\"_blank\" rel=\"noopener\"><img decoding=\"async\" class=\"alignnone wp-image-2927 size-medium\" src=\"https:\/\/www.onickz.com\/photo\/graphy\/wp-content\/uploads\/2025\/07\/guillaume-louyot-photo-1-400x400.webp\" alt=\"\" width=\"400\" height=\"400\" srcset=\"https:\/\/www.onickz.com\/photo\/graphy\/wp-content\/uploads\/2025\/07\/guillaume-louyot-photo-1-400x400.webp 400w, https:\/\/www.onickz.com\/photo\/graphy\/wp-content\/uploads\/2025\/07\/guillaume-louyot-photo-1-150x150.webp 150w, https:\/\/www.onickz.com\/photo\/graphy\/wp-content\/uploads\/2025\/07\/guillaume-louyot-photo-1-768x768.webp 768w, https:\/\/www.onickz.com\/photo\/graphy\/wp-content\/uploads\/2025\/07\/guillaume-louyot-photo-1-640x640.webp 640w, https:\/\/www.onickz.com\/photo\/graphy\/wp-content\/uploads\/2025\/07\/guillaume-louyot-photo-1-140x140.webp 140w, https:\/\/www.onickz.com\/photo\/graphy\/wp-content\/uploads\/2025\/07\/guillaume-louyot-photo-1-50x50.webp 50w, https:\/\/www.onickz.com\/photo\/graphy\/wp-content\/uploads\/2025\/07\/guillaume-louyot-photo-1-666x666.webp 666w, https:\/\/www.onickz.com\/photo\/graphy\/wp-content\/uploads\/2025\/07\/guillaume-louyot-photo-1-80x80.webp 80w, https:\/\/www.onickz.com\/photo\/graphy\/wp-content\/uploads\/2025\/07\/guillaume-louyot-photo-1-120x120.webp 120w, https:\/\/www.onickz.com\/photo\/graphy\/wp-content\/uploads\/2025\/07\/guillaume-louyot-photo-1.webp 800w\" sizes=\"(max-width: 400px) 100vw, 400px\" \/><\/a><\/p>\n<p data-start=\"632\" data-end=\"723\"><a href=\"https:\/\/www.etsy.com\/fr\/listing\/4327203539\/laguna-beach-sunset?click_key=576870240c273bd29c282b2e25e193f70e4389a5%3A4327203539&amp;click_sum=4ca16d02&amp;ref=shop_home_active_3\" target=\"_blank\" rel=\"noopener\"><img loading=\"lazy\" decoding=\"async\" class=\"alignnone wp-image-2926 size-medium\" src=\"https:\/\/www.onickz.com\/photo\/graphy\/wp-content\/uploads\/2025\/07\/guillaume-louyot-photo-4-400x400.webp\" alt=\"\" width=\"400\" height=\"400\" srcset=\"https:\/\/www.onickz.com\/photo\/graphy\/wp-content\/uploads\/2025\/07\/guillaume-louyot-photo-4-400x400.webp 400w, https:\/\/www.onickz.com\/photo\/graphy\/wp-content\/uploads\/2025\/07\/guillaume-louyot-photo-4-150x150.webp 150w, https:\/\/www.onickz.com\/photo\/graphy\/wp-content\/uploads\/2025\/07\/guillaume-louyot-photo-4-140x140.webp 140w, https:\/\/www.onickz.com\/photo\/graphy\/wp-content\/uploads\/2025\/07\/guillaume-louyot-photo-4-50x50.webp 50w, https:\/\/www.onickz.com\/photo\/graphy\/wp-content\/uploads\/2025\/07\/guillaume-louyot-photo-4-80x80.webp 80w, https:\/\/www.onickz.com\/photo\/graphy\/wp-content\/uploads\/2025\/07\/guillaume-louyot-photo-4-120x120.webp 120w, https:\/\/www.onickz.com\/photo\/graphy\/wp-content\/uploads\/2025\/07\/guillaume-louyot-photo-4.webp 600w\" sizes=\"(max-width: 400px) 100vw, 400px\" \/><\/a><\/p>\n<p data-start=\"725\" data-end=\"898\"><em data-start=\"725\" data-end=\"898\">Toutes les commandes sont g\u00e9r\u00e9es avec attention, et les impressions sont assur\u00e9es par un partenaire de confiance, pour garantir qualit\u00e9 et livraison internationale suivie.<\/em><\/p>\n","protected":false},"excerpt":{"rendered":"<p>Photographies encadr\u00e9es Offrez \u00e0 vos murs une \u00e9chapp\u00e9e belle !Je vous propose ici une s\u00e9lection de mes photographies, disponibles en tirages encadr\u00e9s, livrables partout dans le monde via ma boutique<\/p>\n<p class=\"more-link\"><a href=\"https:\/\/www.onickz.com\/photo\/graphy\/tirages-dart-disponibles-a-la-vente\" class=\"readmore\">Click me !<svg class=\"icon icon-arrow-right\" aria-hidden=\"true\" role=\"img\"> <use href=\"#icon-arrow-right\" xlink:href=\"#icon-arrow-right\"><\/use> <\/svg><span class=\"screen-reader-text\">Photographies encadr\u00e9es<\/span><\/a><\/p>\n","protected":false},"author":1,"featured_media":2940,"parent":0,"menu_order":0,"comment_status":"closed","ping_status":"closed","template":"","meta":{"footnotes":""},"class_list":["post-2923","page","type-page","status-publish","has-post-thumbnail","hentry"],"yoast_head":"<!-- This site is optimized with the Yoast SEO plugin v27.3 - https:\/\/yoast.com\/product\/yoast-seo-wordpress\/ -->\n<title>Photographies encadr\u00e9es - Photographie<\/title>\n<meta name=\"description\" content=\"Offrez \u00e0 vos murs une \u00e9chapp\u00e9e belle.Je vous propose ici une s\u00e9lection de mes photographies, disponibles en tirages encadr\u00e9s, livrables partout dans le monde via ma boutique.\" \/>\n<meta name=\"robots\" content=\"index, follow, max-snippet:-1, max-image-preview:large, max-video-preview:-1\" \/>\n<link rel=\"canonical\" href=\"https:\/\/www.onickz.com\/photo\/graphy\/tirages-dart-disponibles-a-la-vente\" \/>\n<meta property=\"og:locale\" content=\"en_US\" \/>\n<meta property=\"og:type\" content=\"article\" \/>\n<meta property=\"og:title\" content=\"Photographies encadr\u00e9es - Photographie\" \/>\n<meta property=\"og:description\" content=\"Offrez \u00e0 vos murs une \u00e9chapp\u00e9e belle.Je vous propose ici une s\u00e9lection de mes photographies, disponibles en tirages encadr\u00e9s, livrables partout dans le monde via ma boutique.\" \/>\n<meta property=\"og:url\" content=\"https:\/\/www.onickz.com\/photo\/graphy\/tirages-dart-disponibles-a-la-vente\" \/>\n<meta property=\"og:site_name\" content=\"Photographie\" \/>\n<meta property=\"article:publisher\" content=\"https:\/\/www.facebook.com\/cinema.production\" \/>\n<meta property=\"article:modified_time\" content=\"2025-10-15T08:26:50+00:00\" \/>\n<meta property=\"og:image\" content=\"https:\/\/www.onickz.com\/photo\/graphy\/wp-content\/uploads\/2025\/07\/ONICKZ-ARTWORKS-00906_.jpg\" \/>\n\t<meta property=\"og:image:width\" content=\"2048\" \/>\n\t<meta property=\"og:image:height\" content=\"1365\" \/>\n\t<meta property=\"og:image:type\" content=\"image\/jpeg\" \/>\n<meta name=\"twitter:card\" content=\"summary_large_image\" \/>\n<meta name=\"twitter:site\" content=\"@onickz\" \/>\n<meta name=\"twitter:label1\" content=\"Est. reading time\" \/>\n\t<meta name=\"twitter:data1\" content=\"2 minutes\" \/>\n<script type=\"application\/ld+json\" class=\"yoast-schema-graph\">{\"@context\":\"https:\\\/\\\/schema.org\",\"@graph\":[{\"@type\":\"WebPage\",\"@id\":\"https:\\\/\\\/www.onickz.com\\\/photo\\\/graphy\\\/tirages-dart-disponibles-a-la-vente\",\"url\":\"https:\\\/\\\/www.onickz.com\\\/photo\\\/graphy\\\/tirages-dart-disponibles-a-la-vente\",\"name\":\"Photographies encadr\u00e9es - Photographie\",\"isPartOf\":{\"@id\":\"https:\\\/\\\/www.onickz.com\\\/photo\\\/graphy\\\/#website\"},\"primaryImageOfPage\":{\"@id\":\"https:\\\/\\\/www.onickz.com\\\/photo\\\/graphy\\\/tirages-dart-disponibles-a-la-vente#primaryimage\"},\"image\":{\"@id\":\"https:\\\/\\\/www.onickz.com\\\/photo\\\/graphy\\\/tirages-dart-disponibles-a-la-vente#primaryimage\"},\"thumbnailUrl\":\"https:\\\/\\\/www.onickz.com\\\/photo\\\/graphy\\\/wp-content\\\/uploads\\\/2025\\\/07\\\/ONICKZ-ARTWORKS-00906_.jpg\",\"datePublished\":\"2025-07-02T06:03:24+00:00\",\"dateModified\":\"2025-10-15T08:26:50+00:00\",\"description\":\"Offrez \u00e0 vos murs une \u00e9chapp\u00e9e belle.Je vous propose ici une s\u00e9lection de mes photographies, disponibles en tirages encadr\u00e9s, livrables partout dans le monde via ma boutique.\",\"breadcrumb\":{\"@id\":\"https:\\\/\\\/www.onickz.com\\\/photo\\\/graphy\\\/tirages-dart-disponibles-a-la-vente#breadcrumb\"},\"inLanguage\":\"en-US\",\"potentialAction\":[{\"@type\":\"ReadAction\",\"target\":[\"https:\\\/\\\/www.onickz.com\\\/photo\\\/graphy\\\/tirages-dart-disponibles-a-la-vente\"]}]},{\"@type\":\"ImageObject\",\"inLanguage\":\"en-US\",\"@id\":\"https:\\\/\\\/www.onickz.com\\\/photo\\\/graphy\\\/tirages-dart-disponibles-a-la-vente#primaryimage\",\"url\":\"https:\\\/\\\/www.onickz.com\\\/photo\\\/graphy\\\/wp-content\\\/uploads\\\/2025\\\/07\\\/ONICKZ-ARTWORKS-00906_.jpg\",\"contentUrl\":\"https:\\\/\\\/www.onickz.com\\\/photo\\\/graphy\\\/wp-content\\\/uploads\\\/2025\\\/07\\\/ONICKZ-ARTWORKS-00906_.jpg\",\"width\":2048,\"height\":1365},{\"@type\":\"BreadcrumbList\",\"@id\":\"https:\\\/\\\/www.onickz.com\\\/photo\\\/graphy\\\/tirages-dart-disponibles-a-la-vente#breadcrumb\",\"itemListElement\":[{\"@type\":\"ListItem\",\"position\":1,\"name\":\"Home\",\"item\":\"https:\\\/\\\/www.onickz.com\\\/photo\\\/graphy\"},{\"@type\":\"ListItem\",\"position\":2,\"name\":\"Photographies encadr\u00e9es\"}]},{\"@type\":\"WebSite\",\"@id\":\"https:\\\/\\\/www.onickz.com\\\/photo\\\/graphy\\\/#website\",\"url\":\"https:\\\/\\\/www.onickz.com\\\/photo\\\/graphy\\\/\",\"name\":\"Guillaume Louyot \u2013 Photographe & R\u00e9alisateur \u00e0 Paris | Onickz Artworks\",\"description\":\"Photographie d\u2019auteur \u2013 portraits, instants urbains et lumi\u00e8re cin\u00e9matographique\",\"publisher\":{\"@id\":\"https:\\\/\\\/www.onickz.com\\\/photo\\\/graphy\\\/#organization\"},\"potentialAction\":[{\"@type\":\"SearchAction\",\"target\":{\"@type\":\"EntryPoint\",\"urlTemplate\":\"https:\\\/\\\/www.onickz.com\\\/photo\\\/graphy\\\/?s={search_term_string}\"},\"query-input\":{\"@type\":\"PropertyValueSpecification\",\"valueRequired\":true,\"valueName\":\"search_term_string\"}}],\"inLanguage\":\"en-US\"},{\"@type\":\"Organization\",\"@id\":\"https:\\\/\\\/www.onickz.com\\\/photo\\\/graphy\\\/#organization\",\"name\":\"Onickz Artworks\",\"url\":\"https:\\\/\\\/www.onickz.com\\\/photo\\\/graphy\\\/\",\"logo\":{\"@type\":\"ImageObject\",\"inLanguage\":\"en-US\",\"@id\":\"https:\\\/\\\/www.onickz.com\\\/photo\\\/graphy\\\/#\\\/schema\\\/logo\\\/image\\\/\",\"url\":\"https:\\\/\\\/www.onickz.com\\\/photo\\\/graphy\\\/wp-content\\\/uploads\\\/2016\\\/05\\\/Jour-Nuit-num_20303-photo-by-Guillaume-Louyot-Onickz-Artworks.jpg\",\"contentUrl\":\"https:\\\/\\\/www.onickz.com\\\/photo\\\/graphy\\\/wp-content\\\/uploads\\\/2016\\\/05\\\/Jour-Nuit-num_20303-photo-by-Guillaume-Louyot-Onickz-Artworks.jpg\",\"width\":3656,\"height\":1556,\"caption\":\"Onickz Artworks\"},\"image\":{\"@id\":\"https:\\\/\\\/www.onickz.com\\\/photo\\\/graphy\\\/#\\\/schema\\\/logo\\\/image\\\/\"},\"sameAs\":[\"https:\\\/\\\/www.facebook.com\\\/cinema.production\",\"https:\\\/\\\/x.com\\\/onickz\",\"https:\\\/\\\/www.linkedin.com\\\/in\\\/onickz\\\/\"]}]}<\/script>\n<!-- \/ Yoast SEO plugin. -->","yoast_head_json":{"title":"Photographies encadr\u00e9es - Photographie","description":"Offrez \u00e0 vos murs une \u00e9chapp\u00e9e belle.Je vous propose ici une s\u00e9lection de mes photographies, disponibles en tirages encadr\u00e9s, livrables partout dans le monde via ma boutique.","robots":{"index":"index","follow":"follow","max-snippet":"max-snippet:-1","max-image-preview":"max-image-preview:large","max-video-preview":"max-video-preview:-1"},"canonical":"https:\/\/www.onickz.com\/photo\/graphy\/tirages-dart-disponibles-a-la-vente","og_locale":"en_US","og_type":"article","og_title":"Photographies encadr\u00e9es - Photographie","og_description":"Offrez \u00e0 vos murs une \u00e9chapp\u00e9e belle.Je vous propose ici une s\u00e9lection de mes photographies, disponibles en tirages encadr\u00e9s, livrables partout dans le monde via ma boutique.","og_url":"https:\/\/www.onickz.com\/photo\/graphy\/tirages-dart-disponibles-a-la-vente","og_site_name":"Photographie","article_publisher":"https:\/\/www.facebook.com\/cinema.production","article_modified_time":"2025-10-15T08:26:50+00:00","og_image":[{"width":2048,"height":1365,"url":"https:\/\/www.onickz.com\/photo\/graphy\/wp-content\/uploads\/2025\/07\/ONICKZ-ARTWORKS-00906_.jpg","type":"image\/jpeg"}],"twitter_card":"summary_large_image","twitter_site":"@onickz","twitter_misc":{"Est. reading time":"2 minutes"},"schema":{"@context":"https:\/\/schema.org","@graph":[{"@type":"WebPage","@id":"https:\/\/www.onickz.com\/photo\/graphy\/tirages-dart-disponibles-a-la-vente","url":"https:\/\/www.onickz.com\/photo\/graphy\/tirages-dart-disponibles-a-la-vente","name":"Photographies encadr\u00e9es - Photographie","isPartOf":{"@id":"https:\/\/www.onickz.com\/photo\/graphy\/#website"},"primaryImageOfPage":{"@id":"https:\/\/www.onickz.com\/photo\/graphy\/tirages-dart-disponibles-a-la-vente#primaryimage"},"image":{"@id":"https:\/\/www.onickz.com\/photo\/graphy\/tirages-dart-disponibles-a-la-vente#primaryimage"},"thumbnailUrl":"https:\/\/www.onickz.com\/photo\/graphy\/wp-content\/uploads\/2025\/07\/ONICKZ-ARTWORKS-00906_.jpg","datePublished":"2025-07-02T06:03:24+00:00","dateModified":"2025-10-15T08:26:50+00:00","description":"Offrez \u00e0 vos murs une \u00e9chapp\u00e9e belle.Je vous propose ici une s\u00e9lection de mes photographies, disponibles en tirages encadr\u00e9s, livrables partout dans le monde via ma boutique.","breadcrumb":{"@id":"https:\/\/www.onickz.com\/photo\/graphy\/tirages-dart-disponibles-a-la-vente#breadcrumb"},"inLanguage":"en-US","potentialAction":[{"@type":"ReadAction","target":["https:\/\/www.onickz.com\/photo\/graphy\/tirages-dart-disponibles-a-la-vente"]}]},{"@type":"ImageObject","inLanguage":"en-US","@id":"https:\/\/www.onickz.com\/photo\/graphy\/tirages-dart-disponibles-a-la-vente#primaryimage","url":"https:\/\/www.onickz.com\/photo\/graphy\/wp-content\/uploads\/2025\/07\/ONICKZ-ARTWORKS-00906_.jpg","contentUrl":"https:\/\/www.onickz.com\/photo\/graphy\/wp-content\/uploads\/2025\/07\/ONICKZ-ARTWORKS-00906_.jpg","width":2048,"height":1365},{"@type":"BreadcrumbList","@id":"https:\/\/www.onickz.com\/photo\/graphy\/tirages-dart-disponibles-a-la-vente#breadcrumb","itemListElement":[{"@type":"ListItem","position":1,"name":"Home","item":"https:\/\/www.onickz.com\/photo\/graphy"},{"@type":"ListItem","position":2,"name":"Photographies encadr\u00e9es"}]},{"@type":"WebSite","@id":"https:\/\/www.onickz.com\/photo\/graphy\/#website","url":"https:\/\/www.onickz.com\/photo\/graphy\/","name":"Guillaume Louyot \u2013 Photographe & R\u00e9alisateur \u00e0 Paris | Onickz Artworks","description":"Photographie d\u2019auteur \u2013 portraits, instants urbains et lumi\u00e8re cin\u00e9matographique","publisher":{"@id":"https:\/\/www.onickz.com\/photo\/graphy\/#organization"},"potentialAction":[{"@type":"SearchAction","target":{"@type":"EntryPoint","urlTemplate":"https:\/\/www.onickz.com\/photo\/graphy\/?s={search_term_string}"},"query-input":{"@type":"PropertyValueSpecification","valueRequired":true,"valueName":"search_term_string"}}],"inLanguage":"en-US"},{"@type":"Organization","@id":"https:\/\/www.onickz.com\/photo\/graphy\/#organization","name":"Onickz Artworks","url":"https:\/\/www.onickz.com\/photo\/graphy\/","logo":{"@type":"ImageObject","inLanguage":"en-US","@id":"https:\/\/www.onickz.com\/photo\/graphy\/#\/schema\/logo\/image\/","url":"https:\/\/www.onickz.com\/photo\/graphy\/wp-content\/uploads\/2016\/05\/Jour-Nuit-num_20303-photo-by-Guillaume-Louyot-Onickz-Artworks.jpg","contentUrl":"https:\/\/www.onickz.com\/photo\/graphy\/wp-content\/uploads\/2016\/05\/Jour-Nuit-num_20303-photo-by-Guillaume-Louyot-Onickz-Artworks.jpg","width":3656,"height":1556,"caption":"Onickz Artworks"},"image":{"@id":"https:\/\/www.onickz.com\/photo\/graphy\/#\/schema\/logo\/image\/"},"sameAs":["https:\/\/www.facebook.com\/cinema.production","https:\/\/x.com\/onickz","https:\/\/www.linkedin.com\/in\/onickz\/"]}]}},"_links":{"self":[{"href":"https:\/\/www.onickz.com\/photo\/graphy\/wp-json\/wp\/v2\/pages\/2923","targetHints":{"allow":["GET"]}}],"collection":[{"href":"https:\/\/www.onickz.com\/photo\/graphy\/wp-json\/wp\/v2\/pages"}],"about":[{"href":"https:\/\/www.onickz.com\/photo\/graphy\/wp-json\/wp\/v2\/types\/page"}],"author":[{"embeddable":true,"href":"https:\/\/www.onickz.com\/photo\/graphy\/wp-json\/wp\/v2\/users\/1"}],"replies":[{"embeddable":true,"href":"https:\/\/www.onickz.com\/photo\/graphy\/wp-json\/wp\/v2\/comments?post=2923"}],"version-history":[{"count":9,"href":"https:\/\/www.onickz.com\/photo\/graphy\/wp-json\/wp\/v2\/pages\/2923\/revisions"}],"predecessor-version":[{"id":2978,"href":"https:\/\/www.onickz.com\/photo\/graphy\/wp-json\/wp\/v2\/pages\/2923\/revisions\/2978"}],"wp:featuredmedia":[{"embeddable":true,"href":"https:\/\/www.onickz.com\/photo\/graphy\/wp-json\/wp\/v2\/media\/2940"}],"wp:attachment":[{"href":"https:\/\/www.onickz.com\/photo\/graphy\/wp-json\/wp\/v2\/media?parent=2923"}],"curies":[{"name":"wp","href":"https:\/\/api.w.org\/{rel}","templated":true}]}}