{"id":644,"date":"2025-03-06T17:44:40","date_gmt":"2025-03-06T16:44:40","guid":{"rendered":"https:\/\/www.onickz.com\/production\/?page_id=644"},"modified":"2025-10-20T12:37:11","modified_gmt":"2025-10-20T10:37:11","slug":"prod","status":"publish","type":"page","link":"https:\/\/www.onickz.com\/production\/","title":{"rendered":"Onickz Artworks"},"content":{"rendered":"","protected":false},"excerpt":{"rendered":"","protected":false},"author":1,"featured_media":0,"parent":0,"menu_order":0,"comment_status":"closed","ping_status":"closed","template":"portfolio-atbottompage.php","meta":{"footnotes":""},"categories":[],"tags":[],"class_list":["post-644","page","type-page","status-publish","hentry"],"yoast_head":"<!-- This site is optimized with the Yoast SEO plugin v27.4 - https:\/\/yoast.com\/product\/yoast-seo-wordpress\/ -->\n<title>Onickz Artworks - Film Production &amp; Post-production<\/title>\n<meta name=\"description\" content=\"Production audiovisuelle sign\u00e9e ONICKZ ARTWORKS : conception, tournage, montage et post-production de films, documentaires et contenus artistiques. Cr\u00e9ativit\u00e9, exigence et image cin\u00e9matographique au service de vos projets.\" \/>\n<meta name=\"robots\" content=\"index, follow, max-snippet:-1, max-image-preview:large, max-video-preview:-1\" \/>\n<link rel=\"canonical\" href=\"https:\/\/www.onickz.com\/production\/\" \/>\n<meta property=\"og:locale\" content=\"en_US\" \/>\n<meta property=\"og:type\" content=\"article\" \/>\n<meta property=\"og:title\" content=\"Onickz Artworks - Film Production &amp; Post-production\" \/>\n<meta property=\"og:description\" content=\"Production audiovisuelle sign\u00e9e ONICKZ ARTWORKS : conception, tournage, montage et post-production de films, documentaires et contenus artistiques. Cr\u00e9ativit\u00e9, exigence et image cin\u00e9matographique au service de vos projets.\" \/>\n<meta property=\"og:url\" content=\"https:\/\/www.onickz.com\/production\/\" \/>\n<meta property=\"og:site_name\" content=\"Film Production &amp; Post-production\" \/>\n<meta property=\"article:publisher\" content=\"https:\/\/www.facebook.com\/cinema.production\" \/>\n<meta property=\"article:modified_time\" content=\"2025-10-20T10:37:11+00:00\" \/>\n<meta property=\"og:image\" content=\"https:\/\/www.onickz.com\/production\/wp-content\/uploads\/2025\/04\/1280-x-1024-Wallpaper-A2D91-Blue-Glass-Guillaume-Louyot-www.onickz.com-2004-.jpg\" \/>\n\t<meta property=\"og:image:width\" content=\"1280\" \/>\n\t<meta property=\"og:image:height\" content=\"1024\" \/>\n\t<meta property=\"og:image:type\" content=\"image\/jpeg\" \/>\n<meta name=\"twitter:card\" content=\"summary_large_image\" \/>\n<meta name=\"twitter:site\" content=\"@onickz\" \/>\n<script type=\"application\/ld+json\" class=\"yoast-schema-graph\">{\"@context\":\"https:\\\/\\\/schema.org\",\"@graph\":[{\"@type\":\"WebPage\",\"@id\":\"https:\\\/\\\/www.onickz.com\\\/production\\\/\",\"url\":\"https:\\\/\\\/www.onickz.com\\\/production\\\/\",\"name\":\"Onickz Artworks - Film Production &amp; Post-production\",\"isPartOf\":{\"@id\":\"https:\\\/\\\/www.onickz.com\\\/production\\\/#website\"},\"datePublished\":\"2025-03-06T16:44:40+00:00\",\"dateModified\":\"2025-10-20T10:37:11+00:00\",\"description\":\"Production audiovisuelle sign\u00e9e ONICKZ ARTWORKS : conception, tournage, montage et post-production de films, documentaires et contenus artistiques. Cr\u00e9ativit\u00e9, exigence et image cin\u00e9matographique au service de vos projets.\",\"inLanguage\":\"en-US\",\"potentialAction\":[{\"@type\":\"ReadAction\",\"target\":[\"https:\\\/\\\/www.onickz.com\\\/production\\\/\"]}]},{\"@type\":\"WebSite\",\"@id\":\"https:\\\/\\\/www.onickz.com\\\/production\\\/#website\",\"url\":\"https:\\\/\\\/www.onickz.com\\\/production\\\/\",\"name\":\"Production & Post-Production\",\"description\":\"High-end film editing and production driven by storytelling and rhythm\",\"publisher\":{\"@id\":\"https:\\\/\\\/www.onickz.com\\\/production\\\/#organization\"},\"potentialAction\":[{\"@type\":\"SearchAction\",\"target\":{\"@type\":\"EntryPoint\",\"urlTemplate\":\"https:\\\/\\\/www.onickz.com\\\/production\\\/?s={search_term_string}\"},\"query-input\":{\"@type\":\"PropertyValueSpecification\",\"valueRequired\":true,\"valueName\":\"search_term_string\"}}],\"inLanguage\":\"en-US\"},{\"@type\":\"Organization\",\"@id\":\"https:\\\/\\\/www.onickz.com\\\/production\\\/#organization\",\"name\":\"Production & Post-Production\",\"url\":\"https:\\\/\\\/www.onickz.com\\\/production\\\/\",\"logo\":{\"@type\":\"ImageObject\",\"inLanguage\":\"en-US\",\"@id\":\"https:\\\/\\\/www.onickz.com\\\/production\\\/#\\\/schema\\\/logo\\\/image\\\/\",\"url\":\"https:\\\/\\\/www.onickz.com\\\/production\\\/wp-content\\\/uploads\\\/2015\\\/01\\\/paris-eiffel-tower-stock-footage-by-guillaume-louyot-onickz-artworks-getty-images.jpg\",\"contentUrl\":\"https:\\\/\\\/www.onickz.com\\\/production\\\/wp-content\\\/uploads\\\/2015\\\/01\\\/paris-eiffel-tower-stock-footage-by-guillaume-louyot-onickz-artworks-getty-images.jpg\",\"width\":1920,\"height\":1080,\"caption\":\"Production & Post-Production\"},\"image\":{\"@id\":\"https:\\\/\\\/www.onickz.com\\\/production\\\/#\\\/schema\\\/logo\\\/image\\\/\"},\"sameAs\":[\"https:\\\/\\\/www.facebook.com\\\/cinema.production\",\"https:\\\/\\\/x.com\\\/onickz\",\"https:\\\/\\\/www.instagram.com\\\/onickzartworks\\\/\"]}]}<\/script>\n<!-- \/ Yoast SEO plugin. -->","yoast_head_json":{"title":"Onickz Artworks - Film Production &amp; Post-production","description":"Production audiovisuelle sign\u00e9e ONICKZ ARTWORKS : conception, tournage, montage et post-production de films, documentaires et contenus artistiques. Cr\u00e9ativit\u00e9, exigence et image cin\u00e9matographique au service de vos projets.","robots":{"index":"index","follow":"follow","max-snippet":"max-snippet:-1","max-image-preview":"max-image-preview:large","max-video-preview":"max-video-preview:-1"},"canonical":"https:\/\/www.onickz.com\/production\/","og_locale":"en_US","og_type":"article","og_title":"Onickz Artworks - Film Production &amp; Post-production","og_description":"Production audiovisuelle sign\u00e9e ONICKZ ARTWORKS : conception, tournage, montage et post-production de films, documentaires et contenus artistiques. Cr\u00e9ativit\u00e9, exigence et image cin\u00e9matographique au service de vos projets.","og_url":"https:\/\/www.onickz.com\/production\/","og_site_name":"Film Production &amp; Post-production","article_publisher":"https:\/\/www.facebook.com\/cinema.production","article_modified_time":"2025-10-20T10:37:11+00:00","og_image":[{"width":1280,"height":1024,"url":"https:\/\/www.onickz.com\/production\/wp-content\/uploads\/2025\/04\/1280-x-1024-Wallpaper-A2D91-Blue-Glass-Guillaume-Louyot-www.onickz.com-2004-.jpg","type":"image\/jpeg"}],"twitter_card":"summary_large_image","twitter_site":"@onickz","schema":{"@context":"https:\/\/schema.org","@graph":[{"@type":"WebPage","@id":"https:\/\/www.onickz.com\/production\/","url":"https:\/\/www.onickz.com\/production\/","name":"Onickz Artworks - Film Production &amp; Post-production","isPartOf":{"@id":"https:\/\/www.onickz.com\/production\/#website"},"datePublished":"2025-03-06T16:44:40+00:00","dateModified":"2025-10-20T10:37:11+00:00","description":"Production audiovisuelle sign\u00e9e ONICKZ ARTWORKS : conception, tournage, montage et post-production de films, documentaires et contenus artistiques. Cr\u00e9ativit\u00e9, exigence et image cin\u00e9matographique au service de vos projets.","inLanguage":"en-US","potentialAction":[{"@type":"ReadAction","target":["https:\/\/www.onickz.com\/production\/"]}]},{"@type":"WebSite","@id":"https:\/\/www.onickz.com\/production\/#website","url":"https:\/\/www.onickz.com\/production\/","name":"Production & Post-Production","description":"High-end film editing and production driven by storytelling and rhythm","publisher":{"@id":"https:\/\/www.onickz.com\/production\/#organization"},"potentialAction":[{"@type":"SearchAction","target":{"@type":"EntryPoint","urlTemplate":"https:\/\/www.onickz.com\/production\/?s={search_term_string}"},"query-input":{"@type":"PropertyValueSpecification","valueRequired":true,"valueName":"search_term_string"}}],"inLanguage":"en-US"},{"@type":"Organization","@id":"https:\/\/www.onickz.com\/production\/#organization","name":"Production & Post-Production","url":"https:\/\/www.onickz.com\/production\/","logo":{"@type":"ImageObject","inLanguage":"en-US","@id":"https:\/\/www.onickz.com\/production\/#\/schema\/logo\/image\/","url":"https:\/\/www.onickz.com\/production\/wp-content\/uploads\/2015\/01\/paris-eiffel-tower-stock-footage-by-guillaume-louyot-onickz-artworks-getty-images.jpg","contentUrl":"https:\/\/www.onickz.com\/production\/wp-content\/uploads\/2015\/01\/paris-eiffel-tower-stock-footage-by-guillaume-louyot-onickz-artworks-getty-images.jpg","width":1920,"height":1080,"caption":"Production & Post-Production"},"image":{"@id":"https:\/\/www.onickz.com\/production\/#\/schema\/logo\/image\/"},"sameAs":["https:\/\/www.facebook.com\/cinema.production","https:\/\/x.com\/onickz","https:\/\/www.instagram.com\/onickzartworks\/"]}]}},"_links":{"self":[{"href":"https:\/\/www.onickz.com\/production\/wp-json\/wp\/v2\/pages\/644","targetHints":{"allow":["GET"]}}],"collection":[{"href":"https:\/\/www.onickz.com\/production\/wp-json\/wp\/v2\/pages"}],"about":[{"href":"https:\/\/www.onickz.com\/production\/wp-json\/wp\/v2\/types\/page"}],"author":[{"embeddable":true,"href":"https:\/\/www.onickz.com\/production\/wp-json\/wp\/v2\/users\/1"}],"replies":[{"embeddable":true,"href":"https:\/\/www.onickz.com\/production\/wp-json\/wp\/v2\/comments?post=644"}],"version-history":[{"count":8,"href":"https:\/\/www.onickz.com\/production\/wp-json\/wp\/v2\/pages\/644\/revisions"}],"predecessor-version":[{"id":704,"href":"https:\/\/www.onickz.com\/production\/wp-json\/wp\/v2\/pages\/644\/revisions\/704"}],"wp:attachment":[{"href":"https:\/\/www.onickz.com\/production\/wp-json\/wp\/v2\/media?parent=644"}],"wp:term":[{"taxonomy":"category","embeddable":true,"href":"https:\/\/www.onickz.com\/production\/wp-json\/wp\/v2\/categories?post=644"},{"taxonomy":"post_tag","embeddable":true,"href":"https:\/\/www.onickz.com\/production\/wp-json\/wp\/v2\/tags?post=644"}],"curies":[{"name":"wp","href":"https:\/\/api.w.org\/{rel}","templated":true}]}}